{"id":17,"date":"2016-03-08T16:44:46","date_gmt":"2016-03-08T15:44:46","guid":{"rendered":"https:\/\/developpement.lif.univ-mrs.fr\/?page_id=17"},"modified":"2018-11-15T13:46:05","modified_gmt":"2018-11-15T12:46:05","slug":"presentation-2","status":"publish","type":"page","link":"https:\/\/developpement.lis-lab.fr\/","title":{"rendered":"Pr\u00e9sentation"},"content":{"rendered":"<p>La <strong>cellule d\u00e9veloppement technologique<\/strong> est actuellement inactive suite au d\u00e9part de son unique membre. Vous pouvez cependant toujours retrouver sur cet espace web les ressources \u00e0 disposition des membres du LIS concernant le d\u00e9veloppement logiciel.<\/p>\n<p>La <strong>cellule d\u00e9veloppement technologique<\/strong> du <a href=\"http:\/\/www.lis-lab.fr\/\">Laboratoire d&rsquo;Informatique et Syst\u00e8mes<\/a> apporte du soutien aux membres du laboratoire dans leurs projets de d\u00e9veloppement logiciel. Elle travaille en collaboration avec la <a href=\"http:\/\/labex-archimede.univ-amu.fr\/spip.php?id_rubrique=67\">cellule d\u00e9veloppement logiciel du Labex Archim\u00e8de<\/a>.<\/p>\n<h1>Objectifs<\/h1>\n<p>Les objectifs derri\u00e8re la mise en place de cette cellule sont multiples :<\/p>\n<ul>\n<li>faciliter le travail de recherche et de d\u00e9veloppement au LIS,<\/li>\n<li>favoriser la diffusion, le partage, la r\u00e9utilisation et la valorisation des d\u00e9veloppements logiciels r\u00e9alis\u00e9s au LIS,<\/li>\n<li>am\u00e9liorer la p\u00e9rennit\u00e9 et la qualit\u00e9 des d\u00e9veloppements.<\/li>\n<\/ul>\n<h1>Activit\u00e9s<\/h1>\n<p>Pour atteindre ces objectifs, les activit\u00e9s de la cellule sont vari\u00e9es :<\/p>\n<ul>\n<li>veille technologique dans les domaines li\u00e9s au d\u00e9veloppement logiciel,<\/li>\n<li>conseil aux membres du LIS afin de les guider dans leurs choix technologiques et afin d&rsquo;assurer la mise en place des meilleures pratiques de d\u00e9veloppement (notamment via le pr\u00e9sent espace web),<\/li>\n<li>r\u00e9alisation de pr\u00e9sentations et d&rsquo;actions de formation de mani\u00e8re \u00e0 faire conna\u00eetre les approches et technologies pouvant faciliter et am\u00e9liorer les d\u00e9veloppements (notamment \u00e0 travers des <a href=\"https:\/\/developpement.lis-lab.fr\/prive\/?tag=listech\">sessions techniques<\/a> organis\u00e9es r\u00e9guli\u00e8rement en collaboration avec la cellule d\u00e9veloppement du Labex Archim\u00e8de),<\/li>\n<li>participation directe aux projets de d\u00e9veloppement des membres du LIS.<\/li>\n<\/ul>\n<p>Pour ce dernier point, le travail est effectu\u00e9 en mode projet sur des dur\u00e9es de quelques mois. Des appels internes au LIS permettent \u00e0 ses membres de faire remonter leurs besoins en d\u00e9veloppement logiciel, puis la direction du laboratoire identifie les projets prioritaires auxquels l&rsquo;ing\u00e9nieur de la cellule contribue pour une dur\u00e9e d\u00e9termin\u00e9e. Vous pouvez retrouver les projets auxquels la cellule participe actuellement dans l&rsquo;onglet <a href=\"https:\/\/developpement.lis-lab.fr\/?cat=2\">projets en cours<\/a> de ce site. Pour retrouver les projets sur lesquels l&rsquo;intervention de la cellule est termin\u00e9e, consultez l&rsquo;onglet <a href=\"https:\/\/developpement.lis-lab.fr\/?cat=9\">projets pass\u00e9s<\/a>.<\/p>\n<h1>Ressources r\u00e9serv\u00e9es aux membres du LIS<\/h1>\n<p>Cet espace web regroupe \u00e9galement diverses ressources et informations \u00e0 destination des membres du LIS.<\/p>\n<p>L&rsquo;onglet <a href=\"https:\/\/developpement.lis-lab.fr\/prive\/?page_id=447\">recommandations<\/a> fournit plus d&rsquo;informations sur les \u00e9l\u00e9ments disponibles (authentification requise \u00e0 l&rsquo;aide des identifiants du compte informatique LIS).<\/p>\n<p>La soumission d&rsquo;un nouveau projet logiciel sur lequel le soutien de la cellule d\u00e9veloppement technologique est souhait\u00e9 se fait via <a href=\"https:\/\/developpement.lis-lab.fr\/prive\/?p=419\">ce formulaire<\/a>.<\/p>\n","protected":false},"excerpt":{"rendered":"<p>La cellule d\u00e9veloppement technologique est actuellement inactive suite au d\u00e9part de son unique membre. Vous pouvez cependant toujours retrouver sur cet espace web les ressources \u00e0 disposition des membres du LIS concernant le d\u00e9veloppement logiciel. La cellule d\u00e9veloppement technologique du Laboratoire d&rsquo;Informatique et Syst\u00e8mes apporte du soutien aux membres du laboratoire dans leurs projets de\u2026 <span class=\"read-more\"><a href=\"https:\/\/developpement.lis-lab.fr\/\">Lire la suite &raquo;<\/a><\/span><\/p>\n","protected":false},"author":2,"featured_media":0,"parent":0,"menu_order":0,"comment_status":"closed","ping_status":"closed","template":"","meta":{"footnotes":""},"class_list":["post-17","page","type-page","status-publish","hentry"],"_links":{"self":[{"href":"https:\/\/developpement.lis-lab.fr\/index.php?rest_route=\/wp\/v2\/pages\/17","targetHints":{"allow":["GET"]}}],"collection":[{"href":"https:\/\/developpement.lis-lab.fr\/index.php?rest_route=\/wp\/v2\/pages"}],"about":[{"href":"https:\/\/developpement.lis-lab.fr\/index.php?rest_route=\/wp\/v2\/types\/page"}],"author":[{"embeddable":true,"href":"https:\/\/developpement.lis-lab.fr\/index.php?rest_route=\/wp\/v2\/users\/2"}],"replies":[{"embeddable":true,"href":"https:\/\/developpement.lis-lab.fr\/index.php?rest_route=%2Fwp%2Fv2%2Fcomments&post=17"}],"version-history":[{"count":28,"href":"https:\/\/developpement.lis-lab.fr\/index.php?rest_route=\/wp\/v2\/pages\/17\/revisions"}],"predecessor-version":[{"id":208,"href":"https:\/\/developpement.lis-lab.fr\/index.php?rest_route=\/wp\/v2\/pages\/17\/revisions\/208"}],"wp:attachment":[{"href":"https:\/\/developpement.lis-lab.fr\/index.php?rest_route=%2Fwp%2Fv2%2Fmedia&parent=17"}],"curies":[{"name":"wp","href":"https:\/\/api.w.org\/{rel}","templated":true}]}}