{"id":97,"date":"2016-03-15T13:55:59","date_gmt":"2016-03-15T12:55:59","guid":{"rendered":"https:\/\/developpement.lif.univ-mrs.fr\/?page_id=97"},"modified":"2018-01-11T14:32:15","modified_gmt":"2018-01-11T13:32:15","slug":"informations-legales","status":"publish","type":"page","link":"https:\/\/developpement.lis-lab.fr\/?page_id=97","title":{"rendered":"Informations l\u00e9gales"},"content":{"rendered":"<p>Les tutelles du laboratoire :<\/p>\n<ul>\n<li>CNRS &#8211; Centre National de la Recherche Scientifique &#8211; 3, rue Michel-Ange 75794 Paris cedex 16 &#8211; Tel. +33 1 44 96 40 00 &#8211; Fax + 33 1 44 96 53 90<\/li>\n<li>Universit\u00e9 d&rsquo;Aix-Marseille &#8211; 58, bd Charles Livon 13284 Marseille cedex &#8211; Tel. +33 4 91 39 65 00 &#8211; Fax +33 4 91 31 31 36<\/li>\n<li>Universit\u00e9 de Toulon &#8211; Avenue de l\u2019Universit\u00e9, CS 60584 &#8211; 83041 Toulon cedex 9 &#8211; Tel. +33 4 94 14 20 00<\/li>\n<\/ul>\n<p>Directeur de publication : Mustapha Ouladsine, Directeur du Laboratoire d\u2019Informatique et Syst\u00e8mes<\/p>\n<p>Directeur de la r\u00e9daction : Mustapha Ouladsine<\/p>\n<p>H\u00e9bergeur : Laboratoire d\u2019Informatique et Syst\u00e8mes, UMR CNRS 7020 &#8211; Parc Scientifique et Technologique de Luminy &#8211; 163, avenue de Luminy &#8211; Case 901 &#8211; F-13288 Marseille Cedex 9 &#8211; Tel : +33 (0)4 91 82 90 70 &#8211; Fax : +33 (0)4 91 82 92 75<\/p>\n<p>Protection des donn\u00e9es nominatives<\/p>\n<blockquote>\n<p style=\"text-align: justify;\"><em>Avertissement : ce site Web comporte des informations nominatives concernant notamment les personnels du laboratoire et de ses partenaires. Conform\u00e9ment \u00e0 la loi n\u00b0 78-17 du 6 janvier 1978 modifi\u00e9e, relative \u00e0 l\u2019informatique, aux fichiers et aux libert\u00e9s, vous disposez d\u2019un droit d\u2019acc\u00e8s, de modification, de rectification et de suppression des donn\u00e9es vous concernant en ligne sur ce site. Pour exercer ce droit adressez vous au webmaster.<\/em><\/p>\n<\/blockquote>\n<p>Clause de non-responsabilit\u00e9<\/p>\n<blockquote>\n<p style=\"text-align: justify;\"><em>La responsabilit\u00e9 des tutelles du laboratoire ne peut, en aucune mani\u00e8re, \u00eatre engag\u00e9e quant au contenu des informations figurant sur ce site ou aux cons\u00e9quences pouvant r\u00e9sulter de leur utilisation ou interpr\u00e9tation.<\/em><\/p>\n<\/blockquote>\n<p>Liens hypertextes<\/p>\n<blockquote><p><em>La mise en place de liens hypertextes par des tiers vers des pages ou des documents diffus\u00e9s sur le site du LIS est autoris\u00e9e sous r\u00e9serve que les liens ne contreviennent pas aux int\u00e9r\u00eats du LIS et de ses tutelles, et qu\u2019ils garantissent la possibilit\u00e9 pour l\u2019utilisateur d\u2019identifier l\u2019origine et l\u2019auteur du document.<\/em><\/p><\/blockquote>\n","protected":false},"excerpt":{"rendered":"<p>Les tutelles du laboratoire : CNRS &#8211; Centre National de la Recherche Scientifique &#8211; 3, rue Michel-Ange 75794 Paris cedex 16 &#8211; Tel. +33 1 44 96 40 00 &#8211; Fax + 33 1 44 96 53 90 Universit\u00e9 d&rsquo;Aix-Marseille &#8211; 58, bd Charles Livon 13284 Marseille cedex &#8211; Tel. +33 4 91 39 65\u2026 <span class=\"read-more\"><a href=\"https:\/\/developpement.lis-lab.fr\/?page_id=97\">Lire la suite &raquo;<\/a><\/span><\/p>\n","protected":false},"author":2,"featured_media":0,"parent":0,"menu_order":0,"comment_status":"closed","ping_status":"closed","template":"","meta":{"footnotes":""},"class_list":["post-97","page","type-page","status-publish","hentry"],"_links":{"self":[{"href":"https:\/\/developpement.lis-lab.fr\/index.php?rest_route=\/wp\/v2\/pages\/97","targetHints":{"allow":["GET"]}}],"collection":[{"href":"https:\/\/developpement.lis-lab.fr\/index.php?rest_route=\/wp\/v2\/pages"}],"about":[{"href":"https:\/\/developpement.lis-lab.fr\/index.php?rest_route=\/wp\/v2\/types\/page"}],"author":[{"embeddable":true,"href":"https:\/\/developpement.lis-lab.fr\/index.php?rest_route=\/wp\/v2\/users\/2"}],"replies":[{"embeddable":true,"href":"https:\/\/developpement.lis-lab.fr\/index.php?rest_route=%2Fwp%2Fv2%2Fcomments&post=97"}],"version-history":[{"count":9,"href":"https:\/\/developpement.lis-lab.fr\/index.php?rest_route=\/wp\/v2\/pages\/97\/revisions"}],"predecessor-version":[{"id":164,"href":"https:\/\/developpement.lis-lab.fr\/index.php?rest_route=\/wp\/v2\/pages\/97\/revisions\/164"}],"wp:attachment":[{"href":"https:\/\/developpement.lis-lab.fr\/index.php?rest_route=%2Fwp%2Fv2%2Fmedia&parent=97"}],"curies":[{"name":"wp","href":"https:\/\/api.w.org\/{rel}","templated":true}]}}